{"id":488,"date":"2022-11-07T12:51:12","date_gmt":"2022-11-07T11:51:12","guid":{"rendered":"https:\/\/www.lloyd-ls.com\/?page_id=488"},"modified":"2024-11-04T12:58:30","modified_gmt":"2024-11-04T11:58:30","slug":"salgs-og-leveringsbetingelser","status":"publish","type":"page","link":"https:\/\/www.lloyd-ls.com\/da\/salgs-og-leveringsbetingelser\/","title":{"rendered":"Salgs- og leveringsbetingelser"},"content":{"rendered":"\n<style type=\"text\/css\" data-created_by=\"avia_inline_auto\" id=\"style-css-av-lbxg1uvx-69ca11fcd1ceffd19907078caee00002\">\n.avia-section.av-lbxg1uvx-69ca11fcd1ceffd19907078caee00002{\nbackground-repeat:no-repeat;\nbackground-image:url(https:\/\/www.lloyd-ls.com\/wp-content\/uploads\/2024\/08\/Small-print-scaled.jpeg);\nbackground-position:50% 50%;\nbackground-attachment:scroll;\n}\n.avia-section.av-lbxg1uvx-69ca11fcd1ceffd19907078caee00002 .av-section-color-overlay{\nopacity:0.3;\nbackground-color:#212121;\n}\n<\/style>\n<div id='av_section_1'  class='avia-section av-lbxg1uvx-69ca11fcd1ceffd19907078caee00002 main_color avia-section-default avia-no-border-styling  avia-builder-el-0  el_before_av_section  avia-builder-el-first  avia-full-stretch avia-bg-style-scroll av-section-color-overlay-active av-minimum-height av-minimum-height-52 av-height-percent  container_wrap fullsize'  data-section-bg-repeat='stretch' data-av_minimum_height_pc='52' data-av_min_height_opt='percent'><div class=\"av-section-color-overlay-wrap\"><div class=\"av-section-color-overlay\"><\/div><div class='container av-section-cont-open' ><main  role=\"main\" itemprop=\"mainContentOfPage\"  class='template-page content  av-content-full alpha units'><div class='post-entry post-entry-type-page post-entry-488'><div class='entry-content-wrapper clearfix'>\n<\/div><\/div><\/main><!-- close content main element --><\/div><\/div><\/div>\n<style type=\"text\/css\" data-created_by=\"avia_inline_auto\" id=\"style-css-av-ldwzdbj4-941addd6c4a15a9244afd2ad3968a347\">\n.avia-section.av-ldwzdbj4-941addd6c4a15a9244afd2ad3968a347{\nbackground-repeat:no-repeat;\nbackground-image:url(https:\/\/www.lloyd-ls.com\/wp-content\/uploads\/2024\/08\/Small-print-scaled.jpeg);\nbackground-position:50% 50%;\nbackground-attachment:scroll;\n}\n.avia-section.av-ldwzdbj4-941addd6c4a15a9244afd2ad3968a347 .av-section-color-overlay{\nopacity:0.3;\nbackground-color:#212121;\n}\n<\/style>\n<div id='av_section_2'  class='avia-section av-ldwzdbj4-941addd6c4a15a9244afd2ad3968a347 main_color avia-section-default avia-no-border-styling  avia-builder-el-1  el_after_av_section  el_before_av_section  av-desktop-hide av-medium-hide av-small-hide av-mini-hide avia-full-stretch avia-bg-style-scroll av-section-color-overlay-active av-minimum-height av-minimum-height-52 av-height-percent  container_wrap fullsize'  data-section-bg-repeat='stretch' data-av_minimum_height_pc='52' data-av_min_height_opt='percent'><div class=\"av-section-color-overlay-wrap\"><div class=\"av-section-color-overlay\"><\/div><div class='container av-section-cont-open' ><div class='template-page content  av-content-full alpha units'><div class='post-entry post-entry-type-page post-entry-488'><div class='entry-content-wrapper clearfix'>\n\n<style type=\"text\/css\" data-created_by=\"avia_inline_auto\" id=\"style-css-av-lxc8un1t-8c0e70123f88491707b8766193554eb8\">\n.avia-image-container.av-lxc8un1t-8c0e70123f88491707b8766193554eb8 img.avia_image{\nbox-shadow:none;\n}\n.avia-image-container.av-lxc8un1t-8c0e70123f88491707b8766193554eb8 .av-image-caption-overlay-center{\ncolor:#ffffff;\n}\n<\/style>\n<div  class='avia-image-container av-lxc8un1t-8c0e70123f88491707b8766193554eb8 av-styling- av-img-linked avia-align-center  avia-builder-el-2  avia-builder-el-no-sibling  av-small-hide av-mini-hide'   itemprop=\"image\" itemscope=\"itemscope\" itemtype=\"https:\/\/schema.org\/ImageObject\" ><div class=\"avia-image-container-inner\"><div class=\"avia-image-overlay-wrap\"><a href=\"https:\/\/www.lloyd-ls.com\/da\/\" class='avia_image '  aria-label='Lloyd Language Services'><img decoding=\"async\" fetchpriority=\"high\" class='wp-image-388 avia-img-lazy-loading-not-388 avia_image ' src=\"https:\/\/www.lloyd-ls.com\/wp-content\/uploads\/2022\/10\/logo-transparent.png\" alt='Lloyd Language Services' title='Lloyd Language Services'  height=\"200\" width=\"200\"  itemprop=\"thumbnailUrl\" srcset=\"https:\/\/www.lloyd-ls.com\/wp-content\/uploads\/2022\/10\/logo-transparent.png 200w, https:\/\/www.lloyd-ls.com\/wp-content\/uploads\/2022\/10\/logo-transparent-80x80.png 80w, https:\/\/www.lloyd-ls.com\/wp-content\/uploads\/2022\/10\/logo-transparent-36x36.png 36w, https:\/\/www.lloyd-ls.com\/wp-content\/uploads\/2022\/10\/logo-transparent-180x180.png 180w\" sizes=\"(max-width: 200px) 100vw, 200px\" \/><\/a><\/div><\/div><\/div>\n\n<\/div><\/div><\/div><!-- close content main div --><\/div><\/div><\/div><div id='av_section_3'  class='avia-section av-27xue-372173072058f3f9d28f8dcc895ba94d main_color avia-section-huge avia-no-border-styling  avia-builder-el-3  el_after_av_section  avia-builder-el-last  avia-bg-style-scroll container_wrap fullsize'  ><div class='container av-section-cont-open' ><div class='template-page content  av-content-full alpha units'><div class='post-entry post-entry-type-page post-entry-488'><div class='entry-content-wrapper clearfix'>\n<div  class='flex_column av-av_one_fourth-048119fdb636ea3d70edc0b975509c6c av_one_fourth  avia-builder-el-4  el_before_av_one_half  avia-builder-el-first  first flex_column_div  '     ><\/div><div  class='flex_column av-tb5q-316559328ed1c45abff6c57e588e3b0e av_one_half  avia-builder-el-5  el_after_av_one_fourth  el_before_av_one_fourth  flex_column_div  '     ><p>\n<style type=\"text\/css\" data-created_by=\"avia_inline_auto\" id=\"style-css-av-la6sc56a-98feb0e4071553772235e048609cd916\">\n#top .av-special-heading.av-la6sc56a-98feb0e4071553772235e048609cd916{\npadding-bottom:25px;\n}\nbody .av-special-heading.av-la6sc56a-98feb0e4071553772235e048609cd916 .av-special-heading-tag .heading-char{\nfont-size:25px;\n}\n.av-special-heading.av-la6sc56a-98feb0e4071553772235e048609cd916 .av-subheading{\nfont-size:15px;\n}\n<\/style>\n<div  class='av-special-heading av-la6sc56a-98feb0e4071553772235e048609cd916 av-special-heading-h2 blockquote modern-quote  avia-builder-el-6  el_before_av_textblock  avia-builder-el-first '><h2 class='av-special-heading-tag '  itemprop=\"headline\"  >Lloyd Language Services\u2019 salgs- og leveringsbetingelser<\/h2><div class=\"special-heading-border\"><div class=\"special-heading-inner-border\"><\/div><\/div><\/div><br \/>\n<section  class='av_textblock_section av-lab4aqpc-ba851702def65ee48e40b5e0f2162b66 '   itemscope=\"itemscope\" itemtype=\"https:\/\/schema.org\/CreativeWork\" ><div class='avia_textblock'  itemprop=\"text\" ><h3>1. Aftalegrundlag<\/h3>\n<p>Lloyd-LS.com er drevet af Lloyd Language Services (CVR-nr. 33121504).<\/p>\n<p>Lloyd Language Services\u2019 salgs- og leveringsbetingelser er g\u00e6ldende for enhver opgave, som p\u00e5tages og udf\u00f8res af Lloyd Language Services, herunder ogs\u00e5 Lloyd Language Services\u2019 ansatte, samarbejdspartnere og underleverand\u00f8rer, medmindre andet er skriftligt aftalt mellem kunden og Lloyd Language Services.<\/p>\n<p>Kunden anses for at have accepteret vilk\u00e5rene i disse salgs- og leveringsbetingelser, n\u00e5r denne opretter en bestilling eller anmoder om igangs\u00e6tning af arbejdet.<\/p>\n<p>Kundens eventuelle egne forretningsbetingelser finder ikke anvendelse p\u00e5 Lloyd Language Services\u2019 levering af ydelser til kunden.<\/p>\n<p>Lloyd Language Services forbeholder sig retten til l\u00f8bende at \u00e6ndre vilk\u00e5rene i disse salgs- og leveringsbetingelser.<\/p>\n<h3>2. Indg\u00e5else af aftaler<\/h3>\n<p>En aftale er indg\u00e5et, n\u00e5r kunden afgiver en ordre eller har godkendt et tilbud udstedt af Lloyd Language Services, eller n\u00e5r Lloyd Language Services har sendt en skriftlig bekr\u00e6ftelse p\u00e5 en opgave bestilt af kunden. Godkendelse eller bekr\u00e6ftelse foreg\u00e5r typisk via e-mail, men ogs\u00e5 aftaler indg\u00e5et mundtligt anses for g\u00e6ldende og bindende for kunden.<\/p>\n<p>Ved kundens afgivelse af ordrer skal kunden specificere sine krav til opgaven, herunder oplysning om opgavens art, \u00f8nskede sprog, emneomr\u00e5de, m\u00e5lgruppe og tekstens\/opgavens tilsigtede form\u00e5l, specifikke \u00f8nsker vedr\u00f8rende terminologi og layout og tilsvarende. Ligeledes skal diverse oplysninger og materialer, som er n\u00f8dvendige for udf\u00f8relsen af opgaven, g\u00f8res tilg\u00e6ngelige for Lloyd Language Services ved afgivelse af ordren.<\/p>\n<p>S\u00e5fremt kunden foretager \u00e6ndringer i de oplysninger eller det materiale, der har dannet grundlag for Lloyd Language Services\u2019 afgivelse af tilbud, forbeholder Lloyd Language Services sig retten til at justere eller tilbagekalde sit tilbud.<\/p>\n<p>Lloyd Language Services\u2019 tilbud er g\u00e6ldende i 14 dage fra afsendelse af tilbuddet og er herefter ikke bindende for Lloyd Language Services.<\/p>\n<p>Forbrugsbaserede ydelser afregnes s\u00e6rskilt efter forbrug.<\/p>\n<p>K\u00f8rsel afregnes med statens takst for k\u00f8rsel (i 2023 3,73 kr. pr. k\u00f8rt kilometer) med till\u00e6g af moms.<\/p>\n<p>Eventuelle udl\u00e6g afholdes for kundens regning og medtages p\u00e5 n\u00e6stkommende faktura.<\/p>\n<p>Alle priser er angivet i DKK ekskl. moms.<\/p>\n<p>Lloyd Language Services\u2019 betalingsbetingelser er 8 dage netto, medmindre andet er aftalt med kunden.<\/p>\n<p>Ved forsinket betaling till\u00e6gges det udest\u00e5ende bel\u00f8b 2 % i rente pr. p\u00e5begyndt m\u00e5ned. Endvidere till\u00e6gges hver rykker 100 kr. i rykkergebyr.<\/p>\n<p>Lloyd Language Services forbeholder sig retten til l\u00f8bende at regulere priser og vilk\u00e5r for udf\u00f8relse af opgaver.<\/p>\n<h3>3. Udf\u00f8relse af opgaver<\/h3>\n<p>Kunden forpligter sig til l\u00f8bende at samarbejde loyalt med Lloyd Language Services om udf\u00f8relse af de aftalte opgaver, herunder ogs\u00e5 klarl\u00e6gning af eventuel branchespecifik terminologi.<\/p>\n<p>S\u00e5fremt Lloyd Language Services vurderer, at de afgivne oplysninger eller indleverede materialer er utilstr\u00e6kkelige for udf\u00f8relse af opgaven, forbeholder Lloyd Language Services sig retten til at anmode om yderligere oplysninger og materiale fra kunden.<\/p>\n<p>Hvis supplerende information eller s\u00e6rlige bestemmelser ikke leveres af kunden, vil tekniske termer blive anvendt p\u00e5 en m\u00e5de, der generelt anses for forst\u00e5elig. Kunden modtager teksten\/overs\u00e6ttelsen\/eller anden sprogtjeneste s\u00e5som tolkning eller undertekster i det aftalte format\/form.<\/p>\n<p>Lloyd Language Services oplyser om muligt kunden om forventet leveringstidspunkt for de aftalte opgaver og ydelser. Det forventede leveringstidspunkt er \u2013 medmindre andet er skriftligt aftalt \u2013 alene vejledende for Lloyd Language Services.<\/p>\n<p>Leverancer fra Lloyd Language Services sendes til kunden pr. e-mail, medmindre andet er aftalt. Kunden er forpligtet til at bekr\u00e6fte modtagelsen af leverancen ved besvarelse af e-mailen fra Lloyd Language Services.<\/p>\n<p>Lloyd Language Services p\u00e5tager sig ikke ansvar for fejl, mangler eller forsinkelser, der skyldes kundens manglende eller forsinkede levering af oplysninger.<\/p>\n<h3>4. Afbestilling af ordrer for tolkeydelser<\/h3>\n<p>Ved afbestilling af en ordre for tolkeydelser, den dag hvor leveringen skulle ske, forbeholder Lloyd Language Services sig retten til at fakturere kunden 100% af den aftalte pris. Ved afbestilling af en ordre, dagen f\u00f8r leveringen skulle ske, forbeholder Lloyd Language Services sig retten til at fakturere kunden 50% af den aftalte pris. Ved afbestilling af en ordre to til fem hverdage, f\u00f8r leveringen skulle ske, forbeholder Lloyd Language Services sig retten til at fakturere kunden 25% af den aftalte pris. Ved afbestilling afgivet p\u00e5 en l\u00f8rdag, s\u00f8ndag eller helligdag, regnes afbestillingen f\u00f8rst som v\u00e6rende modtaget p\u00e5 den f\u00f8rstkommende hverdag.<\/p>\n<h3>5. Fejl og mangler<\/h3>\n<p>Ved modtagelse af en leverance fra Lloyd Language Services er kunden forpligtet til at gennemg\u00e5 leverancen for eventuelle fejl og mangler. I den forbindelse opfordres kunden til ligeledes at foretage en konkret vurdering af, hvorvidt den modtagne leverance er egnet til det af kunden tilt\u00e6nkte form\u00e5l.<\/p>\n<p>S\u00e5fremt kunden konstaterer fejl eller mangler ved det leverede, skal kunden straks reklamere herover til Lloyd Language Services pr. e-mail til <a href=\"mailto:Contact@Lloyd-LS.com\">Contact@Lloyd-LS.com<\/a>. \u00c5benlyse fejl og mangler skal senest p\u00e5peges inden for to (2) uger efter levering.<\/p>\n<p>Lloyd Language Services er berettiget til at foretage afhj\u00e6lpning af de konstaterede fejl og mangler inden for rimelig tid i henhold til k\u00f8belovens regler herom.<\/p>\n<h3>6. Ansvar<\/h3>\n<p>Lloyd Language Services fraskriver sig ethvert ansvar for eventuelle skader og tab, der m\u00e5tte opst\u00e5 som f\u00f8lge af brugen af Lloyd Language Services\u2019 tjenester\/leverancer.<\/p>\n<p>Lloyd Language Services er ej heller ansvarlig for fejl og mangler, der skyldes kundens manglende overholdelse af sine forpligtelser som aftalepart over for Lloyd Language Services, eller som skyldes kundens afgivelse af fejlbeh\u00e6ftede og ufuldst\u00e6ndige oplysninger til Lloyd Language Services.<\/p>\n<p>Lloyd Language Services er ikke ansvarlig for det endelige resultat af trykning af tekster forfattet, oversat, redigeret, korrekturl\u00e6st, undertekstet eller tolket af Lloyd Language Services eller dennes underleverand\u00f8rer. Kunden b\u00e6rer altid det endelige ansvar for korrektur inden tryk eller anden anvendelse.<\/p>\n<p>For det tilf\u00e6lde, at Lloyd Language Services\u2019 leverancer anvendes til fx pakkelabels, etiketter eller tilsvarende, som kunden placerer p\u00e5 egne produkter, pakker eller tilsvarende, b\u00e6rer kunden det fulde ansvar for at sikre, at de p\u00e5g\u00e6ldende leverancer til fulde lever op til kundens forventninger, inden leverancen tages i brug.<\/p>\n<p>For det tilf\u00e6lde, at Lloyd Language Services udf\u00f8rer sprogydelser ved at arbejde i klientens indholdsstyringssystem (CRM) eller andre systemer der ejes og styres af klienten, p\u00e5tager Lloyd Language Services sig intet ansvar. Eventuelle fejl eller mangler der opdages i klientens system efter udf\u00f8relsen af sprogydelser af Lloyd Language Services, f.eks. i CRM m.m.), er klientens eget ansvar.<\/p>\n<p>Lloyd Language Services\u2019 fraskriver sig udtrykkeligt ethvert ansvar for driftstab, tab af data, mistet fortjeneste, goodwill eller andre former for indirekte eller konsekvens\u00f8konomiske tab.<\/p>\n<p>Lloyd Language Services\u2019 samlede ansvar pr. opgave er i det hele taget begr\u00e6nset til maksimalt at udg\u00f8re kontraktsummen for den konkrete opgave.<\/p>\n<h3>7. Force majeure<\/h3>\n<p>Lloyd Language Services er ikke ansvarlig for fejl, mangler eller forsinkelser, der opst\u00e5r som f\u00f8lge af force majeure (ekstraordin\u00e6re og uforudsigelige begivenheder eller omst\u00e6ndigheder, der er uden for Lloyd Language Services\u2019 rimelige kontrol, og som hindrer eller forhindrer Lloyd Language Services i at opfylde sine forpligtelser i henhold til aftalen).<\/p>\n<p>I tilf\u00e6lde af force majeure har Lloyd Language Services ret til at oph\u00e6ve kontrakten eller anmode kunden om en rimelig uds\u00e6ttelse af udf\u00f8relsen af den aftalte opgave.<\/p>\n<h3>8. Ophavsret<\/h3>\n<p>Ophavsretten og andre immaterielle rettigheder til det arbejde og materiale, som Lloyd Language Services frembringer, tilh\u00f8rer Lloyd Language Services, indtil materialet er leveret, og kunden har betalt fakturaen for det p\u00e5g\u00e6ldende arbejde. Efter kundens betaling for det p\u00e5g\u00e6ldende arbejde overg\u00e5r de immaterielle rettigheder til kunden.<\/p>\n<h3>9. Bogovers\u00e6ttelser \u2013 udgivelse og kreditering<\/h3>\n<p>Forlaget\/udgiveren skal udgive v\u00e6rket inden for rimelig tid og ikke senere end 12 m\u00e5neder efter, at Lloyd Language Services har afleveret manuskriptet, medmindre andet aftales. Sker dette ikke, kan Lloyd Language Services varsle rettighedernes tilbagegang, s\u00e5fremt forlaget ikke udgiver v\u00e6rket inden for 12 m\u00e5neder fra, at varslingen sker.<\/p>\n<p>I forbindelse med bogovers\u00e6ttelser, hvor en medarbejder hos\/leverand\u00f8r til Lloyd Language Services er angivet som overs\u00e6tter, er Lloyd Language Services ejer af ophavsretten til overs\u00e6ttelsen.<\/p>\n<p>Rettigheder overdraget til forlaget\/udgiveren efter levering af manuskriptet og betalingen af fakturaen g\u00e5r tilbage til overs\u00e6tteren, i det omfang forlagets\/udgiverens rettigheder til udgivelse af v\u00e6rket i forhold til forfatteren oph\u00f8rer.<\/p>\n<p>Forlaget\/udgiveren forpligter sig til at angive Lloyd Language Services og eventuelt overs\u00e6tterens navn p\u00e5 en fremtr\u00e6dende plads i alle udnyttelser af v\u00e6rket.<\/p>\n<h3>10. Fortrolighed<\/h3>\n<p>Lloyd Language Services og dennes underleverand\u00f8rer behandler alle oplysninger samt materiale, der er leveret af kunden, fortroligt.<\/p>\n<h3>11. Lovvalg og v\u00e6rneting<\/h3>\n<p>Enhver tvist mellem Lloyd Language Services og en kunde skal l\u00f8ses efter dansk ret ved de danske domstole med K\u00f8benhavns Byret som rette v\u00e6rneting.<\/p>\n<p style=\"text-align: center;\"><em>Senest opdateret den 24. juni 2024.<\/em><\/p>\n<\/div><\/section><\/p><\/div><div  class='flex_column av-av_one_fourth-feecfcc73494c68bb0d1632d1d5c38ae av_one_fourth  avia-builder-el-8  el_after_av_one_half  avia-builder-el-last  flex_column_div  '     ><\/div>\n\n","protected":false},"excerpt":{"rendered":"","protected":false},"author":2,"featured_media":3444,"parent":0,"menu_order":12,"comment_status":"closed","ping_status":"closed","template":"","meta":{"_oct_exclude_from_cache":false,"footnotes":""},"class_list":["post-488","page","type-page","status-publish","has-post-thumbnail","hentry"],"yoast_head":"<!-- This site is optimized with the Yoast SEO plugin v26.3 - https:\/\/yoast.com\/wordpress\/plugins\/seo\/ -->\n<title>Salgs- og leveringsbetingelser - Lloyd Language Services<\/title>\n<meta name=\"description\" content=\"Vi leverer tilbud og tjenesteydelser p\u00e5 baggrund af disse salgs- og leveringsbetingelser, som vil blive \u00e6ndret fra tid til anden.\" \/>\n<meta name=\"robots\" content=\"index, follow, max-snippet:-1, max-image-preview:large, max-video-preview:-1\" \/>\n<link rel=\"canonical\" href=\"https:\/\/www.lloyd-ls.com\/da\/salgs-og-leveringsbetingelser\/\" \/>\n<meta property=\"og:locale\" content=\"da_DK\" \/>\n<meta property=\"og:type\" content=\"article\" \/>\n<meta property=\"og:title\" content=\"Salgs- og leveringsbetingelser - Lloyd Language Services\" \/>\n<meta property=\"og:description\" content=\"Vi leverer tilbud og tjenesteydelser p\u00e5 baggrund af disse salgs- og leveringsbetingelser, som vil blive \u00e6ndret fra tid til anden.\" \/>\n<meta property=\"og:url\" content=\"https:\/\/www.lloyd-ls.com\/da\/salgs-og-leveringsbetingelser\/\" \/>\n<meta property=\"og:site_name\" content=\"Lloyd Language Services\" \/>\n<meta property=\"article:modified_time\" content=\"2024-11-04T11:58:30+00:00\" \/>\n<meta property=\"og:image\" content=\"https:\/\/www.lloyd-ls.com\/wp-content\/uploads\/2024\/06\/cropped-LLS-logo-favicon.png\" \/>\n\t<meta property=\"og:image:width\" content=\"512\" \/>\n\t<meta property=\"og:image:height\" content=\"512\" \/>\n\t<meta property=\"og:image:type\" content=\"image\/png\" \/>\n<meta name=\"twitter:card\" content=\"summary_large_image\" \/>\n<meta name=\"twitter:label1\" content=\"Estimeret l\u00e6setid\" \/>\n\t<meta name=\"twitter:data1\" content=\"7 minutter\" \/>\n<script type=\"application\/ld+json\" class=\"yoast-schema-graph\">{\"@context\":\"https:\/\/schema.org\",\"@graph\":[{\"@type\":\"WebPage\",\"@id\":\"https:\/\/www.lloyd-ls.com\/da\/salgs-og-leveringsbetingelser\/\",\"url\":\"https:\/\/www.lloyd-ls.com\/da\/salgs-og-leveringsbetingelser\/\",\"name\":\"Salgs- og leveringsbetingelser - Lloyd Language Services\",\"isPartOf\":{\"@id\":\"https:\/\/www.lloyd-ls.com\/da\/#website\"},\"primaryImageOfPage\":{\"@id\":\"https:\/\/www.lloyd-ls.com\/da\/salgs-og-leveringsbetingelser\/#primaryimage\"},\"image\":{\"@id\":\"https:\/\/www.lloyd-ls.com\/da\/salgs-og-leveringsbetingelser\/#primaryimage\"},\"thumbnailUrl\":\"https:\/\/www.lloyd-ls.com\/wp-content\/uploads\/2024\/06\/cropped-LLS-logo-favicon.png\",\"datePublished\":\"2022-11-07T11:51:12+00:00\",\"dateModified\":\"2024-11-04T11:58:30+00:00\",\"description\":\"Vi leverer tilbud og tjenesteydelser p\u00e5 baggrund af disse salgs- og leveringsbetingelser, som vil blive \u00e6ndret fra tid til anden.\",\"breadcrumb\":{\"@id\":\"https:\/\/www.lloyd-ls.com\/da\/salgs-og-leveringsbetingelser\/#breadcrumb\"},\"inLanguage\":\"da-DK\",\"potentialAction\":[{\"@type\":\"ReadAction\",\"target\":[\"https:\/\/www.lloyd-ls.com\/da\/salgs-og-leveringsbetingelser\/\"]}]},{\"@type\":\"ImageObject\",\"inLanguage\":\"da-DK\",\"@id\":\"https:\/\/www.lloyd-ls.com\/da\/salgs-og-leveringsbetingelser\/#primaryimage\",\"url\":\"https:\/\/www.lloyd-ls.com\/wp-content\/uploads\/2024\/06\/cropped-LLS-logo-favicon.png\",\"contentUrl\":\"https:\/\/www.lloyd-ls.com\/wp-content\/uploads\/2024\/06\/cropped-LLS-logo-favicon.png\",\"width\":512,\"height\":512,\"caption\":\"Lloyd Language Services logo\"},{\"@type\":\"BreadcrumbList\",\"@id\":\"https:\/\/www.lloyd-ls.com\/da\/salgs-og-leveringsbetingelser\/#breadcrumb\",\"itemListElement\":[{\"@type\":\"ListItem\",\"position\":1,\"name\":\"Home\",\"item\":\"https:\/\/www.lloyd-ls.com\/da\/\"},{\"@type\":\"ListItem\",\"position\":2,\"name\":\"Salgs- og leveringsbetingelser\"}]},{\"@type\":\"WebSite\",\"@id\":\"https:\/\/www.lloyd-ls.com\/da\/#website\",\"url\":\"https:\/\/www.lloyd-ls.com\/da\/\",\"name\":\"Lloyd Language Services\",\"description\":\"Quality translations you can trust!\",\"potentialAction\":[{\"@type\":\"SearchAction\",\"target\":{\"@type\":\"EntryPoint\",\"urlTemplate\":\"https:\/\/www.lloyd-ls.com\/da\/?s={search_term_string}\"},\"query-input\":{\"@type\":\"PropertyValueSpecification\",\"valueRequired\":true,\"valueName\":\"search_term_string\"}}],\"inLanguage\":\"da-DK\"}]}<\/script>\n<!-- \/ Yoast SEO plugin. -->","yoast_head_json":{"title":"Salgs- og leveringsbetingelser - Lloyd Language Services","description":"Vi leverer tilbud og tjenesteydelser p\u00e5 baggrund af disse salgs- og leveringsbetingelser, som vil blive \u00e6ndret fra tid til anden.","robots":{"index":"index","follow":"follow","max-snippet":"max-snippet:-1","max-image-preview":"max-image-preview:large","max-video-preview":"max-video-preview:-1"},"canonical":"https:\/\/www.lloyd-ls.com\/da\/salgs-og-leveringsbetingelser\/","og_locale":"da_DK","og_type":"article","og_title":"Salgs- og leveringsbetingelser - Lloyd Language Services","og_description":"Vi leverer tilbud og tjenesteydelser p\u00e5 baggrund af disse salgs- og leveringsbetingelser, som vil blive \u00e6ndret fra tid til anden.","og_url":"https:\/\/www.lloyd-ls.com\/da\/salgs-og-leveringsbetingelser\/","og_site_name":"Lloyd Language Services","article_modified_time":"2024-11-04T11:58:30+00:00","og_image":[{"width":512,"height":512,"url":"https:\/\/www.lloyd-ls.com\/wp-content\/uploads\/2024\/06\/cropped-LLS-logo-favicon.png","type":"image\/png"}],"twitter_card":"summary_large_image","twitter_misc":{"Estimeret l\u00e6setid":"7 minutter"},"schema":{"@context":"https:\/\/schema.org","@graph":[{"@type":"WebPage","@id":"https:\/\/www.lloyd-ls.com\/da\/salgs-og-leveringsbetingelser\/","url":"https:\/\/www.lloyd-ls.com\/da\/salgs-og-leveringsbetingelser\/","name":"Salgs- og leveringsbetingelser - Lloyd Language Services","isPartOf":{"@id":"https:\/\/www.lloyd-ls.com\/da\/#website"},"primaryImageOfPage":{"@id":"https:\/\/www.lloyd-ls.com\/da\/salgs-og-leveringsbetingelser\/#primaryimage"},"image":{"@id":"https:\/\/www.lloyd-ls.com\/da\/salgs-og-leveringsbetingelser\/#primaryimage"},"thumbnailUrl":"https:\/\/www.lloyd-ls.com\/wp-content\/uploads\/2024\/06\/cropped-LLS-logo-favicon.png","datePublished":"2022-11-07T11:51:12+00:00","dateModified":"2024-11-04T11:58:30+00:00","description":"Vi leverer tilbud og tjenesteydelser p\u00e5 baggrund af disse salgs- og leveringsbetingelser, som vil blive \u00e6ndret fra tid til anden.","breadcrumb":{"@id":"https:\/\/www.lloyd-ls.com\/da\/salgs-og-leveringsbetingelser\/#breadcrumb"},"inLanguage":"da-DK","potentialAction":[{"@type":"ReadAction","target":["https:\/\/www.lloyd-ls.com\/da\/salgs-og-leveringsbetingelser\/"]}]},{"@type":"ImageObject","inLanguage":"da-DK","@id":"https:\/\/www.lloyd-ls.com\/da\/salgs-og-leveringsbetingelser\/#primaryimage","url":"https:\/\/www.lloyd-ls.com\/wp-content\/uploads\/2024\/06\/cropped-LLS-logo-favicon.png","contentUrl":"https:\/\/www.lloyd-ls.com\/wp-content\/uploads\/2024\/06\/cropped-LLS-logo-favicon.png","width":512,"height":512,"caption":"Lloyd Language Services logo"},{"@type":"BreadcrumbList","@id":"https:\/\/www.lloyd-ls.com\/da\/salgs-og-leveringsbetingelser\/#breadcrumb","itemListElement":[{"@type":"ListItem","position":1,"name":"Home","item":"https:\/\/www.lloyd-ls.com\/da\/"},{"@type":"ListItem","position":2,"name":"Salgs- og leveringsbetingelser"}]},{"@type":"WebSite","@id":"https:\/\/www.lloyd-ls.com\/da\/#website","url":"https:\/\/www.lloyd-ls.com\/da\/","name":"Lloyd Language Services","description":"Quality translations you can trust!","potentialAction":[{"@type":"SearchAction","target":{"@type":"EntryPoint","urlTemplate":"https:\/\/www.lloyd-ls.com\/da\/?s={search_term_string}"},"query-input":{"@type":"PropertyValueSpecification","valueRequired":true,"valueName":"search_term_string"}}],"inLanguage":"da-DK"}]}},"_links":{"self":[{"href":"https:\/\/www.lloyd-ls.com\/da\/wp-json\/wp\/v2\/pages\/488","targetHints":{"allow":["GET"]}}],"collection":[{"href":"https:\/\/www.lloyd-ls.com\/da\/wp-json\/wp\/v2\/pages"}],"about":[{"href":"https:\/\/www.lloyd-ls.com\/da\/wp-json\/wp\/v2\/types\/page"}],"author":[{"embeddable":true,"href":"https:\/\/www.lloyd-ls.com\/da\/wp-json\/wp\/v2\/users\/2"}],"replies":[{"embeddable":true,"href":"https:\/\/www.lloyd-ls.com\/da\/wp-json\/wp\/v2\/comments?post=488"}],"version-history":[{"count":33,"href":"https:\/\/www.lloyd-ls.com\/da\/wp-json\/wp\/v2\/pages\/488\/revisions"}],"predecessor-version":[{"id":4074,"href":"https:\/\/www.lloyd-ls.com\/da\/wp-json\/wp\/v2\/pages\/488\/revisions\/4074"}],"wp:featuredmedia":[{"embeddable":true,"href":"https:\/\/www.lloyd-ls.com\/da\/wp-json\/wp\/v2\/media\/3444"}],"wp:attachment":[{"href":"https:\/\/www.lloyd-ls.com\/da\/wp-json\/wp\/v2\/media?parent=488"}],"curies":[{"name":"wp","href":"https:\/\/api.w.org\/{rel}","templated":true}]}}