{"id":492,"date":"2022-10-04T11:54:09","date_gmt":"2022-10-04T09:54:09","guid":{"rendered":"https:\/\/www.lloyd-ls.com\/?page_id=492"},"modified":"2025-05-06T13:55:42","modified_gmt":"2025-05-06T11:55:42","slug":"persondatapolitik","status":"publish","type":"page","link":"https:\/\/www.lloyd-ls.com\/da\/persondatapolitik\/","title":{"rendered":"Persondatapolitik"},"content":{"rendered":"\n<style type=\"text\/css\" data-created_by=\"avia_inline_auto\" id=\"style-css-av-lbxg1dzl-0198d3f990214c94124e28c2b6ef3714\">\n.avia-section.av-lbxg1dzl-0198d3f990214c94124e28c2b6ef3714{\nbackground-repeat:no-repeat;\nbackground-image:url(https:\/\/www.lloyd-ls.com\/wp-content\/uploads\/2024\/09\/privacy-lock-tweaked-2-scaled.jpeg);\nbackground-position:50% 50%;\nbackground-attachment:scroll;\n}\n.avia-section.av-lbxg1dzl-0198d3f990214c94124e28c2b6ef3714 .av-section-color-overlay{\nopacity:0.3;\nbackground-color:#212121;\n}\n<\/style>\n<div id='av_section_1'  class='avia-section av-lbxg1dzl-0198d3f990214c94124e28c2b6ef3714 main_color avia-section-default avia-no-border-styling  avia-builder-el-0  el_before_av_section  avia-builder-el-first  avia-full-stretch avia-bg-style-scroll av-section-color-overlay-active av-minimum-height av-minimum-height-52 av-height-percent  container_wrap fullsize'  data-section-bg-repeat='stretch' data-av_minimum_height_pc='52' data-av_min_height_opt='percent'><div class=\"av-section-color-overlay-wrap\"><div class=\"av-section-color-overlay\"><\/div><div class='container av-section-cont-open' ><main  role=\"main\" itemprop=\"mainContentOfPage\"  class='template-page content  av-content-full alpha units'><div class='post-entry post-entry-type-page post-entry-492'><div class='entry-content-wrapper clearfix'>\n\n<style type=\"text\/css\" data-created_by=\"avia_inline_auto\" id=\"style-css-av-m16g60hz-275958689f20d85dd68c193025c24097\">\n#top .av-special-heading.av-m16g60hz-275958689f20d85dd68c193025c24097{\npadding-bottom:10px;\n}\nbody .av-special-heading.av-m16g60hz-275958689f20d85dd68c193025c24097 .av-special-heading-tag .heading-char{\nfont-size:25px;\n}\n.av-special-heading.av-m16g60hz-275958689f20d85dd68c193025c24097 .av-subheading{\nfont-size:15px;\n}\n<\/style>\n<div  class='av-special-heading av-m16g60hz-275958689f20d85dd68c193025c24097 av-special-heading-h1 blockquote modern-quote modern-right  avia-builder-el-1  avia-builder-el-no-sibling  av-desktop-hide av-medium-hide'><h1 class='av-special-heading-tag '  itemprop=\"headline\"  >Persondata<\/h1><div class=\"special-heading-border\"><div class=\"special-heading-inner-border\"><\/div><\/div><\/div>\n\n<\/div><\/div><\/main><!-- close content main element --><\/div><\/div><\/div>\n<style type=\"text\/css\" data-created_by=\"avia_inline_auto\" id=\"style-css-av-ldwzczce-da67af247480991823687df824139eb2\">\n.avia-section.av-ldwzczce-da67af247480991823687df824139eb2{\nbackground-repeat:no-repeat;\nbackground-image:url(https:\/\/www.lloyd-ls.com\/wp-content\/uploads\/2024\/09\/privacy-lock-tweaked-2-scaled.jpeg);\nbackground-position:50% 50%;\nbackground-attachment:scroll;\n}\n.avia-section.av-ldwzczce-da67af247480991823687df824139eb2 .av-section-color-overlay{\nopacity:0.3;\nbackground-color:#212121;\n}\n<\/style>\n<div id='av_section_2'  class='avia-section av-ldwzczce-da67af247480991823687df824139eb2 main_color avia-section-default avia-no-border-styling  avia-builder-el-2  el_after_av_section  el_before_av_section  av-desktop-hide av-medium-hide av-small-hide av-mini-hide avia-full-stretch avia-bg-style-scroll av-section-color-overlay-active av-minimum-height av-minimum-height-52 av-height-percent  container_wrap fullsize'  data-section-bg-repeat='stretch' data-av_minimum_height_pc='52' data-av_min_height_opt='percent'><div class=\"av-section-color-overlay-wrap\"><div class=\"av-section-color-overlay\"><\/div><div class='container av-section-cont-open' ><div class='template-page content  av-content-full alpha units'><div class='post-entry post-entry-type-page post-entry-492'><div class='entry-content-wrapper clearfix'>\n\n<style type=\"text\/css\" data-created_by=\"avia_inline_auto\" id=\"style-css-av-lxc8tzm6-dc19ebb54e3d19545f700a92fa8fab65\">\n.avia-image-container.av-lxc8tzm6-dc19ebb54e3d19545f700a92fa8fab65 img.avia_image{\nbox-shadow:none;\n}\n.avia-image-container.av-lxc8tzm6-dc19ebb54e3d19545f700a92fa8fab65 .av-image-caption-overlay-center{\ncolor:#ffffff;\n}\n<\/style>\n<div  class='avia-image-container av-lxc8tzm6-dc19ebb54e3d19545f700a92fa8fab65 av-styling- av-img-linked avia-align-center  avia-builder-el-3  avia-builder-el-no-sibling  av-small-hide av-mini-hide'   itemprop=\"image\" itemscope=\"itemscope\" itemtype=\"https:\/\/schema.org\/ImageObject\" ><div class=\"avia-image-container-inner\"><div class=\"avia-image-overlay-wrap\"><a href=\"https:\/\/www.lloyd-ls.com\/da\/\" class='avia_image '  aria-label='Lloyd Language Services'><img decoding=\"async\" fetchpriority=\"high\" class='wp-image-388 avia-img-lazy-loading-not-388 avia_image ' src=\"https:\/\/www.lloyd-ls.com\/wp-content\/uploads\/2022\/10\/logo-transparent.png\" alt='Lloyd Language Services' title='Lloyd Language Services'  height=\"200\" width=\"200\"  itemprop=\"thumbnailUrl\" srcset=\"https:\/\/www.lloyd-ls.com\/wp-content\/uploads\/2022\/10\/logo-transparent.png 200w, https:\/\/www.lloyd-ls.com\/wp-content\/uploads\/2022\/10\/logo-transparent-80x80.png 80w, https:\/\/www.lloyd-ls.com\/wp-content\/uploads\/2022\/10\/logo-transparent-36x36.png 36w, https:\/\/www.lloyd-ls.com\/wp-content\/uploads\/2022\/10\/logo-transparent-180x180.png 180w\" sizes=\"(max-width: 200px) 100vw, 200px\" \/><\/a><\/div><\/div><\/div>\n\n<\/div><\/div><\/div><!-- close content main div --><\/div><\/div><\/div><div id='av_section_3'  class='avia-section av-20qeb-e3c4b8c4800899f46c3320decff7d753 main_color avia-section-huge avia-no-border-styling  avia-builder-el-4  el_after_av_section  el_before_av_section  avia-bg-style-scroll container_wrap fullsize'  ><div class='container av-section-cont-open' ><div class='template-page content  av-content-full alpha units'><div class='post-entry post-entry-type-page post-entry-492'><div class='entry-content-wrapper clearfix'>\n<div class='flex_column_table av-av_one_fourth-4856e6976ad7b1dc6d8d5b5f7bdead80 sc-av_one_fourth av-equal-height-column-flextable'><div  class='flex_column av-av_one_fourth-4856e6976ad7b1dc6d8d5b5f7bdead80 av_one_fourth  avia-builder-el-5  el_before_av_one_half  avia-builder-el-first  first flex_column_table_cell av-equal-height-column av-align-middle  '     ><\/div><div class='av-flex-placeholder'><\/div><div  class='flex_column av-1u6d3-4f3f6ac7aa9a4921e1d9cc78114089ab av_one_half  avia-builder-el-6  el_after_av_one_fourth  el_before_av_one_fourth  flex_column_table_cell av-equal-height-column av-align-middle  '     ><p>\n<style type=\"text\/css\" data-created_by=\"avia_inline_auto\" id=\"style-css-av-m0xybxun-f9a053e5a35d725c5e1f9ac55d3b3bbe\">\n#top .av-special-heading.av-m0xybxun-f9a053e5a35d725c5e1f9ac55d3b3bbe{\npadding-bottom:10px;\n}\nbody .av-special-heading.av-m0xybxun-f9a053e5a35d725c5e1f9ac55d3b3bbe .av-special-heading-tag .heading-char{\nfont-size:25px;\n}\n.av-special-heading.av-m0xybxun-f9a053e5a35d725c5e1f9ac55d3b3bbe .av-subheading{\nfont-size:15px;\n}\n\n@media only screen and (min-width: 480px) and (max-width: 767px){ \n#top #wrap_all .av-special-heading.av-m0xybxun-f9a053e5a35d725c5e1f9ac55d3b3bbe .av-special-heading-tag{\nfont-size:39px;\n}\n}\n<\/style>\n<div  class='av-special-heading av-m0xybxun-f9a053e5a35d725c5e1f9ac55d3b3bbe av-special-heading-h1 blockquote modern-quote  avia-builder-el-7  el_before_av_textblock  avia-builder-el-first '><h1 class='av-special-heading-tag '  itemprop=\"headline\"  >Vores personadatapolitik<\/h1><div class=\"special-heading-border\"><div class=\"special-heading-inner-border\"><\/div><\/div><\/div><br \/>\n<section  class='av_textblock_section av-1pjfn-65f8bbc7ec8395292ea7b9b034f5d03c '   itemscope=\"itemscope\" itemtype=\"https:\/\/schema.org\/CreativeWork\" ><div class='avia_textblock'  itemprop=\"text\" ><h3><\/h3>\n<h3><\/h3>\n<h3><br class=\"avia-permanent-lb\" \/>Sprogydelser<\/h3>\n<p>Hos Lloyd Language Services anvender vi den nyeste computerst\u00f8ttede overs\u00e6ttelsesteknologi. N\u00e5r vi overs\u00e6tter for dig, gemmer vi kildeteksten og den oversatte tekst i en database af hensyn til fremtidig reference. Det sikrer ensartet stil og ensartet brug af terminologi i alle de overs\u00e6ttelser, vi laver for dig. Vi gemmer ikke personrelaterbar information, og vi hverken deler eller s\u00e6lger information med og til tredjepart. Kun ansatte hos Lloyd Language Services og kontraktbundne leverand\u00f8rer (freelancere) har adgang til denne information, og de har alle underskrevet hemmeligholdelsesaftaler for at sikre fortroligheden af dine tekster og data.<\/p>\n<\/div><\/section><\/p><\/div><div class='av-flex-placeholder'><\/div><div  class='flex_column av-1ya2b-d65b1b4bab33878173089a4ea9582070 av_one_fourth  avia-builder-el-9  el_after_av_one_half  avia-builder-el-last  flex_column_table_cell av-equal-height-column av-align-middle  '     ><\/div><\/div><!--close column table wrapper. Autoclose: 1 -->\n\n<\/div><\/div><\/div><!-- close content main div --><\/div><\/div>\n<style type=\"text\/css\" data-created_by=\"avia_inline_auto\" id=\"style-css-av-m0w6t1bb-ad0c8c89a09e10e12126a95184185709\">\n.avia-section.av-m0w6t1bb-ad0c8c89a09e10e12126a95184185709{\nbackground-color:#eeeeee;\nbackground-image:unset;\n}\n<\/style>\n<div id='av_section_4'  class='avia-section av-m0w6t1bb-ad0c8c89a09e10e12126a95184185709 main_color avia-section-huge avia-no-border-styling  avia-builder-el-10  el_after_av_section  avia-builder-el-last  avia-bg-style-scroll container_wrap fullsize'  ><div class='container av-section-cont-open' ><div class='template-page content  av-content-full alpha units'><div class='post-entry post-entry-type-page post-entry-492'><div class='entry-content-wrapper clearfix'>\n<div  class='flex_column av-av_one_fourth-048119fdb636ea3d70edc0b975509c6c av_one_fourth  avia-builder-el-11  el_before_av_one_half  avia-builder-el-first  first flex_column_div  '     ><\/div><div  class='flex_column av-av_one_half-feecfcc73494c68bb0d1632d1d5c38ae av_one_half  avia-builder-el-12  el_after_av_one_fourth  el_before_av_one_fourth  flex_column_div  '     ><section  class='av_textblock_section av-la6tsnvc-2c798a88ac847bdf6b8e8dfa47e5ed65 '   itemscope=\"itemscope\" itemtype=\"https:\/\/schema.org\/CreativeWork\" ><div class='avia_textblock'  itemprop=\"text\" ><h3>Cookies<\/h3>\n<p>Vi bruger tredjeparts cookies p\u00e5 vores hjemmeside for at f\u00e5 en bedre forst\u00e5else af hvordan hjemmesiden blive brugt.<\/p>\n<h3>Afsl\u00f8ring over for tredjepart<\/h3>\n<p><span class=\"yellowhilight\">\u00a0Vi hverken deler eller s\u00e6lger information med og til eksterne parter.\u00a0<\/span><\/p>\n<h3>CV&#8217;er<\/h3>\n<p>Hvis du v\u00e6lger at f\u00e5 Lloyd Language Services til at overs\u00e6tte eller redigere dit CV, vil du altid blive bedt om at fjerne alle personlige data, s\u00e5som dit CPR-nummer, din adresse og dit telefonnummer, fra teksten, inden vi begynder at arbejdet med den.<\/p>\n<h3>Arkivering<\/h3>\n<p>For at kunne yde dig den bedst mulige service gemmer vi altid alle kilde- og m\u00e5ltekster samt al korrespondance vedr\u00f8rende dit projekt i vores arkiver. Hvis du dog ikke \u00f8nsker, at vi gemmer dit materiale til fremtidig reference, skal du informeres os herom \u2013 s\u00e5 sletter vi alt materiale, n\u00e5r projektet er afsluttet. I modsat fald slettes alt materiale efter en periode i henhold til g\u00e6ldende dansk lovgivning, inklusive den generelle forordning om databeskyttelse.<\/p>\n<h3>Virus og malware<\/h3>\n<p>Alle informationer og dokumenter, som du v\u00e6lger at dele med os, gemmes p\u00e5 vores lokale computere og sikkerhedskopieres regelm\u00e6ssigt til eksterne harddiske samt i et sikkert cloud-system fra Dropbox. Vores hjemmeside og computere opdateres omhyggeligt og scannes l\u00f8bende for virus og malware. Hvis du mener, at du har modtaget en virus fra os eller har sendt en virus til os, skal du straks kontakte Jenifer Lloyd p\u00e5: +45 6160 0644\/<a href=\"mailto:Contact@Lloyd-LS.com\">Contact@Lloyd-LS.com<\/a>.<\/p>\n<h3>Databehandling og samtykke<\/h3>\n<p>N\u00e5r du kontakter Lloyd Language Services med henblik p\u00e5 udf\u00f8relse af en ydelse for dig og\/eller din virksomhed, accepterer du, at vi opbevarer relevante kontaktoplysninger, inklusive navn, e-mailadresse, fysisk adresse, titel, arbejdssted, momsnummer etc., s\u00e5 vi kan yde dig den bedst mulige service. Du kan til enhver tid tr\u00e6kke dit samtykke tilbage ved at skrive til <a href=\"mailto:Contact@Lloyd-LS.com\">Contact@Lloyd-LS.com<\/a>. Dataene behandles altid i henhold til Persondataloven. Lloyd Language Services opbevarer personoplysninger i fem \u00e5r, og den registrerede har ret til at f\u00e5 rettet, slette, \u00e6ndret eller begr\u00e6nset egne data ved at send en anmodning herom til <a href=\"mailto:Contact@Lloyd-LS.com\">Contact@Lloyd-LS.com<\/a>. Hvis du har brug for flere oplysninger om de bestemmelser, der regulerer beskyttelsen af personlige data i Danmark, og om dine rettigheder, kan du kontakte <a href=\"http:\/\/www.datatilsynet.dk\/\">Datatilsynet<\/a>.<\/p>\n<h3>Databeskyttelse og sikkerhedskopiering<\/h3>\n<p>Ud over at abonnere p\u00e5 en sikker cloud-sikkerhedskopieringsl\u00f8sning (fra Dropbox) opbevarer vi fysiske sikkerhedskopier af alle data p\u00e5 to separate placeringer. Alle anmodninger om sletning af data udf\u00f8res p\u00e5 alle fysiske computere og p\u00e5 alle sikkerhedskopier, s\u00e5vel fysiske som cloud-baserede.<\/p>\n<h3>Kontakt os<\/h3>\n<p>Du er altid velkommen til at kontakte os ved at skrive til <a href=\"mailto:Contact@Lloyd-LS.com\">Contact@Lloyd-LS.com<\/a>, hvis du har sp\u00f8rgsm\u00e5l om, hvordan vi behandler dine personlige data. Vi sletter ogs\u00e5 gerne enhver information, du har delt med os, hvis du \u00f8nsker det.<\/p>\n<p><em>Senest opdateret den 11. september 2023.<\/em><\/p>\n<\/div><\/section><\/div><div  class='flex_column av-av_one_fourth-feecfcc73494c68bb0d1632d1d5c38ae av_one_fourth  avia-builder-el-14  el_after_av_one_half  avia-builder-el-last  flex_column_div  '     ><\/div>\n","protected":false},"excerpt":{"rendered":"","protected":false},"author":2,"featured_media":3444,"parent":0,"menu_order":11,"comment_status":"closed","ping_status":"closed","template":"","meta":{"_oct_exclude_from_cache":false,"footnotes":""},"class_list":["post-492","page","type-page","status-publish","has-post-thumbnail","hentry"],"yoast_head":"<!-- This site is optimized with the Yoast SEO plugin v26.3 - https:\/\/yoast.com\/wordpress\/plugins\/seo\/ -->\n<title>Persondatapolitik - Lloyd Language Services<\/title>\n<meta name=\"description\" content=\"P\u00e5 Lloyd Language Services hjemmeside indsamler vi ikke personlige oplysninger om dig. Du kan kun kontakte os via telefon og e-mail.\" \/>\n<meta name=\"robots\" content=\"index, follow, max-snippet:-1, max-image-preview:large, max-video-preview:-1\" \/>\n<link rel=\"canonical\" href=\"https:\/\/www.lloyd-ls.com\/da\/persondatapolitik\/\" \/>\n<meta property=\"og:locale\" content=\"da_DK\" \/>\n<meta property=\"og:type\" content=\"article\" \/>\n<meta property=\"og:title\" content=\"Persondatapolitik - Lloyd Language Services\" \/>\n<meta property=\"og:description\" content=\"P\u00e5 Lloyd Language Services hjemmeside indsamler vi ikke personlige oplysninger om dig. Du kan kun kontakte os via telefon og e-mail.\" \/>\n<meta property=\"og:url\" content=\"https:\/\/www.lloyd-ls.com\/da\/persondatapolitik\/\" \/>\n<meta property=\"og:site_name\" content=\"Lloyd Language Services\" \/>\n<meta property=\"article:modified_time\" content=\"2025-05-06T11:55:42+00:00\" \/>\n<meta property=\"og:image\" content=\"https:\/\/www.lloyd-ls.com\/wp-content\/uploads\/2024\/06\/cropped-LLS-logo-favicon.png\" \/>\n\t<meta property=\"og:image:width\" content=\"512\" \/>\n\t<meta property=\"og:image:height\" content=\"512\" \/>\n\t<meta property=\"og:image:type\" content=\"image\/png\" \/>\n<meta name=\"twitter:card\" content=\"summary_large_image\" \/>\n<meta name=\"twitter:label1\" content=\"Estimeret l\u00e6setid\" \/>\n\t<meta name=\"twitter:data1\" content=\"3 minutter\" \/>\n<script type=\"application\/ld+json\" class=\"yoast-schema-graph\">{\"@context\":\"https:\/\/schema.org\",\"@graph\":[{\"@type\":\"WebPage\",\"@id\":\"https:\/\/www.lloyd-ls.com\/da\/persondatapolitik\/\",\"url\":\"https:\/\/www.lloyd-ls.com\/da\/persondatapolitik\/\",\"name\":\"Persondatapolitik - Lloyd Language Services\",\"isPartOf\":{\"@id\":\"https:\/\/www.lloyd-ls.com\/da\/#website\"},\"primaryImageOfPage\":{\"@id\":\"https:\/\/www.lloyd-ls.com\/da\/persondatapolitik\/#primaryimage\"},\"image\":{\"@id\":\"https:\/\/www.lloyd-ls.com\/da\/persondatapolitik\/#primaryimage\"},\"thumbnailUrl\":\"https:\/\/www.lloyd-ls.com\/wp-content\/uploads\/2024\/06\/cropped-LLS-logo-favicon.png\",\"datePublished\":\"2022-10-04T09:54:09+00:00\",\"dateModified\":\"2025-05-06T11:55:42+00:00\",\"description\":\"P\u00e5 Lloyd Language Services hjemmeside indsamler vi ikke personlige oplysninger om dig. Du kan kun kontakte os via telefon og e-mail.\",\"breadcrumb\":{\"@id\":\"https:\/\/www.lloyd-ls.com\/da\/persondatapolitik\/#breadcrumb\"},\"inLanguage\":\"da-DK\",\"potentialAction\":[{\"@type\":\"ReadAction\",\"target\":[\"https:\/\/www.lloyd-ls.com\/da\/persondatapolitik\/\"]}]},{\"@type\":\"ImageObject\",\"inLanguage\":\"da-DK\",\"@id\":\"https:\/\/www.lloyd-ls.com\/da\/persondatapolitik\/#primaryimage\",\"url\":\"https:\/\/www.lloyd-ls.com\/wp-content\/uploads\/2024\/06\/cropped-LLS-logo-favicon.png\",\"contentUrl\":\"https:\/\/www.lloyd-ls.com\/wp-content\/uploads\/2024\/06\/cropped-LLS-logo-favicon.png\",\"width\":512,\"height\":512,\"caption\":\"Lloyd Language Services logo\"},{\"@type\":\"BreadcrumbList\",\"@id\":\"https:\/\/www.lloyd-ls.com\/da\/persondatapolitik\/#breadcrumb\",\"itemListElement\":[{\"@type\":\"ListItem\",\"position\":1,\"name\":\"Home\",\"item\":\"https:\/\/www.lloyd-ls.com\/da\/\"},{\"@type\":\"ListItem\",\"position\":2,\"name\":\"Persondatapolitik\"}]},{\"@type\":\"WebSite\",\"@id\":\"https:\/\/www.lloyd-ls.com\/da\/#website\",\"url\":\"https:\/\/www.lloyd-ls.com\/da\/\",\"name\":\"Lloyd Language Services\",\"description\":\"Quality translations you can trust!\",\"potentialAction\":[{\"@type\":\"SearchAction\",\"target\":{\"@type\":\"EntryPoint\",\"urlTemplate\":\"https:\/\/www.lloyd-ls.com\/da\/?s={search_term_string}\"},\"query-input\":{\"@type\":\"PropertyValueSpecification\",\"valueRequired\":true,\"valueName\":\"search_term_string\"}}],\"inLanguage\":\"da-DK\"}]}<\/script>\n<!-- \/ Yoast SEO plugin. -->","yoast_head_json":{"title":"Persondatapolitik - Lloyd Language Services","description":"P\u00e5 Lloyd Language Services hjemmeside indsamler vi ikke personlige oplysninger om dig. Du kan kun kontakte os via telefon og e-mail.","robots":{"index":"index","follow":"follow","max-snippet":"max-snippet:-1","max-image-preview":"max-image-preview:large","max-video-preview":"max-video-preview:-1"},"canonical":"https:\/\/www.lloyd-ls.com\/da\/persondatapolitik\/","og_locale":"da_DK","og_type":"article","og_title":"Persondatapolitik - Lloyd Language Services","og_description":"P\u00e5 Lloyd Language Services hjemmeside indsamler vi ikke personlige oplysninger om dig. Du kan kun kontakte os via telefon og e-mail.","og_url":"https:\/\/www.lloyd-ls.com\/da\/persondatapolitik\/","og_site_name":"Lloyd Language Services","article_modified_time":"2025-05-06T11:55:42+00:00","og_image":[{"width":512,"height":512,"url":"https:\/\/www.lloyd-ls.com\/wp-content\/uploads\/2024\/06\/cropped-LLS-logo-favicon.png","type":"image\/png"}],"twitter_card":"summary_large_image","twitter_misc":{"Estimeret l\u00e6setid":"3 minutter"},"schema":{"@context":"https:\/\/schema.org","@graph":[{"@type":"WebPage","@id":"https:\/\/www.lloyd-ls.com\/da\/persondatapolitik\/","url":"https:\/\/www.lloyd-ls.com\/da\/persondatapolitik\/","name":"Persondatapolitik - Lloyd Language Services","isPartOf":{"@id":"https:\/\/www.lloyd-ls.com\/da\/#website"},"primaryImageOfPage":{"@id":"https:\/\/www.lloyd-ls.com\/da\/persondatapolitik\/#primaryimage"},"image":{"@id":"https:\/\/www.lloyd-ls.com\/da\/persondatapolitik\/#primaryimage"},"thumbnailUrl":"https:\/\/www.lloyd-ls.com\/wp-content\/uploads\/2024\/06\/cropped-LLS-logo-favicon.png","datePublished":"2022-10-04T09:54:09+00:00","dateModified":"2025-05-06T11:55:42+00:00","description":"P\u00e5 Lloyd Language Services hjemmeside indsamler vi ikke personlige oplysninger om dig. Du kan kun kontakte os via telefon og e-mail.","breadcrumb":{"@id":"https:\/\/www.lloyd-ls.com\/da\/persondatapolitik\/#breadcrumb"},"inLanguage":"da-DK","potentialAction":[{"@type":"ReadAction","target":["https:\/\/www.lloyd-ls.com\/da\/persondatapolitik\/"]}]},{"@type":"ImageObject","inLanguage":"da-DK","@id":"https:\/\/www.lloyd-ls.com\/da\/persondatapolitik\/#primaryimage","url":"https:\/\/www.lloyd-ls.com\/wp-content\/uploads\/2024\/06\/cropped-LLS-logo-favicon.png","contentUrl":"https:\/\/www.lloyd-ls.com\/wp-content\/uploads\/2024\/06\/cropped-LLS-logo-favicon.png","width":512,"height":512,"caption":"Lloyd Language Services logo"},{"@type":"BreadcrumbList","@id":"https:\/\/www.lloyd-ls.com\/da\/persondatapolitik\/#breadcrumb","itemListElement":[{"@type":"ListItem","position":1,"name":"Home","item":"https:\/\/www.lloyd-ls.com\/da\/"},{"@type":"ListItem","position":2,"name":"Persondatapolitik"}]},{"@type":"WebSite","@id":"https:\/\/www.lloyd-ls.com\/da\/#website","url":"https:\/\/www.lloyd-ls.com\/da\/","name":"Lloyd Language Services","description":"Quality translations you can trust!","potentialAction":[{"@type":"SearchAction","target":{"@type":"EntryPoint","urlTemplate":"https:\/\/www.lloyd-ls.com\/da\/?s={search_term_string}"},"query-input":{"@type":"PropertyValueSpecification","valueRequired":true,"valueName":"search_term_string"}}],"inLanguage":"da-DK"}]}},"_links":{"self":[{"href":"https:\/\/www.lloyd-ls.com\/da\/wp-json\/wp\/v2\/pages\/492","targetHints":{"allow":["GET"]}}],"collection":[{"href":"https:\/\/www.lloyd-ls.com\/da\/wp-json\/wp\/v2\/pages"}],"about":[{"href":"https:\/\/www.lloyd-ls.com\/da\/wp-json\/wp\/v2\/types\/page"}],"author":[{"embeddable":true,"href":"https:\/\/www.lloyd-ls.com\/da\/wp-json\/wp\/v2\/users\/2"}],"replies":[{"embeddable":true,"href":"https:\/\/www.lloyd-ls.com\/da\/wp-json\/wp\/v2\/comments?post=492"}],"version-history":[{"count":60,"href":"https:\/\/www.lloyd-ls.com\/da\/wp-json\/wp\/v2\/pages\/492\/revisions"}],"predecessor-version":[{"id":3686,"href":"https:\/\/www.lloyd-ls.com\/da\/wp-json\/wp\/v2\/pages\/492\/revisions\/3686"}],"wp:featuredmedia":[{"embeddable":true,"href":"https:\/\/www.lloyd-ls.com\/da\/wp-json\/wp\/v2\/media\/3444"}],"wp:attachment":[{"href":"https:\/\/www.lloyd-ls.com\/da\/wp-json\/wp\/v2\/media?parent=492"}],"curies":[{"name":"wp","href":"https:\/\/api.w.org\/{rel}","templated":true}]}}